{"id":35,"date":"2025-08-12T17:39:11","date_gmt":"2025-08-12T15:39:11","guid":{"rendered":"https:\/\/nomadbooksagency.com\/?page_id=35"},"modified":"2025-09-25T10:54:54","modified_gmt":"2025-09-25T08:54:54","slug":"evenements","status":"publish","type":"page","link":"https:\/\/nomadbooksagency.com\/index.php\/evenements\/","title":{"rendered":"\u00c9v\u00e8nements"},"content":{"rendered":"\n<p class=\"has-text-align-justify has-text-align-justify\">Nomad Books Agency propose un accompagnement dans la curation et l\u2019organisation d\u2019\u00e9v\u00e9nements litt\u00e9raires, que ce soit de mani\u00e8re ponctuelle ou pour imaginer des formats plus ambitieux ou des cycles de rencontres. <\/p>\n\n\n\n<h2 class=\"wp-block-heading\">\u00c9v\u00e8nements \u00e0 venir<\/h2>\n\n\n\n<div class=\"wp-block-columns is-style-section-1 is-layout-flex wp-container-core-columns-is-layout-28f84493 wp-block-columns-is-layout-flex is-style-section-1--1\">\n<div class=\"wp-block-column is-layout-flow wp-block-column-is-layout-flow\" style=\"padding-top:var(--wp--preset--spacing--30);padding-right:var(--wp--preset--spacing--30);padding-bottom:var(--wp--preset--spacing--30);padding-left:var(--wp--preset--spacing--30)\">\n<p class=\"has-text-align-center\"><strong>Trump, 1 an apr\u00e8s : que reste-t-il du r\u00eave am\u00e9ricain ?<\/strong><\/p>\n\n\n\n<p>Rencontre avec des r\u00e9sidents de la Villa Albertine au <a href=\"https:\/\/www.palais-portedoree.fr\/programmation\/rencontres\/trump-1-an-apres-que-reste-t-il-du-reve-americain\">Palais de la Porte Dor\u00e9e<\/a><\/p>\n<\/div>\n\n\n\n<div class=\"wp-block-column is-layout-flow wp-block-column-is-layout-flow\">\n<figure class=\"wp-block-image aligncenter size-full wp-duotone-111111-ffffff-2\" style=\"margin-top:var(--wp--preset--spacing--50);margin-bottom:var(--wp--preset--spacing--50)\"><a href=\"https:\/\/www.palais-portedoree.fr\/programmation\/rencontres\/trump-1-an-apres-que-reste-t-il-du-reve-americain\"><img loading=\"lazy\" decoding=\"async\" width=\"640\" height=\"427\" src=\"https:\/\/nomadbooksagency.com\/wp-content\/uploads\/2025\/09\/05.11.25_mercredi_trump.jpg\" alt=\"\" class=\"wp-image-566\" srcset=\"https:\/\/nomadbooksagency.com\/wp-content\/uploads\/2025\/09\/05.11.25_mercredi_trump.jpg 640w, https:\/\/nomadbooksagency.com\/wp-content\/uploads\/2025\/09\/05.11.25_mercredi_trump-300x200.jpg 300w\" sizes=\"auto, (max-width: 640px) 100vw, 640px\" \/><\/a><\/figure>\n<\/div>\n<\/div>\n\n\n\n<h2 class=\"wp-block-heading\">\u00c9v\u00e8nements pass\u00e9s<\/h2>\n\n\n\n<div class=\"wp-block-columns is-style-section-1 is-layout-flex wp-container-core-columns-is-layout-28f84493 wp-block-columns-is-layout-flex is-style-section-1--3\">\n<div class=\"wp-block-column is-layout-flow wp-block-column-is-layout-flow\" style=\"padding-top:var(--wp--preset--spacing--30);padding-right:var(--wp--preset--spacing--30);padding-bottom:var(--wp--preset--spacing--30);padding-left:var(--wp--preset--spacing--30)\">\n<p class=\"has-text-align-center\"><strong>Nina L\u00e9ger et Marina Chiche<\/strong><\/p>\n\n\n\n<p class=\"has-text-align-center\"><strong>M\u00e9moires sauv\u00e9es de l&rsquo;eau<\/strong><\/p>\n\n\n\n<p>Spectacle jou\u00e9 \u00e0 <a href=\"https:\/\/maisondelapoesieparis.com\/programme\/nina-leger-memoires-sauvees-des-eaux\/\">la maison de la po\u00e9sie<\/a> et au festival <a href=\"https:\/\/ohlesbeauxjours.fr\/evenement\/memoires-sauvees-de-leau\/\">Oh les beaux jours !<\/a><\/p>\n<\/div>\n\n\n\n<div class=\"wp-block-column is-layout-flow wp-block-column-is-layout-flow\">\n<figure class=\"wp-block-image aligncenter size-large wp-duotone-111111-ffffff-4\" style=\"margin-top:var(--wp--preset--spacing--30);margin-bottom:var(--wp--preset--spacing--30)\"><a href=\"https:\/\/maisondelapoesieparis.com\/programme\/nina-leger-memoires-sauvees-des-eaux\/\"><img loading=\"lazy\" decoding=\"async\" width=\"1024\" height=\"1024\" src=\"https:\/\/nomadbooksagency.com\/wp-content\/uploads\/2025\/09\/Nina_Leger-1024x1024.jpg\" alt=\"\" class=\"wp-image-330\" srcset=\"https:\/\/nomadbooksagency.com\/wp-content\/uploads\/2025\/09\/Nina_Leger-1024x1024.jpg 1024w, https:\/\/nomadbooksagency.com\/wp-content\/uploads\/2025\/09\/Nina_Leger-300x300.jpg 300w, https:\/\/nomadbooksagency.com\/wp-content\/uploads\/2025\/09\/Nina_Leger-150x150.jpg 150w, https:\/\/nomadbooksagency.com\/wp-content\/uploads\/2025\/09\/Nina_Leger-768x768.jpg 768w, https:\/\/nomadbooksagency.com\/wp-content\/uploads\/2025\/09\/Nina_Leger.jpg 1080w\" sizes=\"auto, (max-width: 1024px) 100vw, 1024px\" \/><\/a><\/figure>\n<\/div>\n<\/div>\n\n\n\n<div class=\"wp-block-columns is-style-section-2 is-layout-flex wp-container-core-columns-is-layout-28f84493 wp-block-columns-is-layout-flex is-style-section-2--5\">\n<div class=\"wp-block-column is-layout-flow wp-block-column-is-layout-flow\">\n<figure class=\"wp-block-image size-full wp-duotone-111111-ffffff-6\" style=\"margin-top:var(--wp--preset--spacing--30);margin-right:0;margin-bottom:var(--wp--preset--spacing--30);margin-left:0\"><a href=\"https:\/\/www.chassenature.org\/rendez-vous\/grizzly-jam\"><img loading=\"lazy\" decoding=\"async\" width=\"522\" height=\"522\" src=\"https:\/\/nomadbooksagency.com\/wp-content\/uploads\/2025\/09\/grizzly_jam.png\" alt=\"\" class=\"wp-image-331\" srcset=\"https:\/\/nomadbooksagency.com\/wp-content\/uploads\/2025\/09\/grizzly_jam.png 522w, https:\/\/nomadbooksagency.com\/wp-content\/uploads\/2025\/09\/grizzly_jam-300x300.png 300w, https:\/\/nomadbooksagency.com\/wp-content\/uploads\/2025\/09\/grizzly_jam-150x150.png 150w\" sizes=\"auto, (max-width: 522px) 100vw, 522px\" \/><\/a><\/figure>\n<\/div>\n\n\n\n<div class=\"wp-block-column is-layout-flow wp-block-column-is-layout-flow\" style=\"padding-top:var(--wp--preset--spacing--30);padding-right:var(--wp--preset--spacing--30);padding-bottom:var(--wp--preset--spacing--30);padding-left:var(--wp--preset--spacing--30)\">\n<p class=\"has-text-align-center\"><strong>Alice Chemama<\/strong><\/p>\n\n\n\n<p class=\"has-text-align-center\"><strong>Grizzly Jam<\/strong><\/p>\n\n\n\n<p>Lecture dessin\u00e9e au <a href=\"https:\/\/www.chassenature.org\/rendez-vous\/grizzly-jam\">mus\u00e9e de la chasse et de la nature<\/a> en compagnie des artistes Julia Bourdet, Cl\u00e9ment Balcon et du compositeur Michel Risse.<\/p>\n<\/div>\n<\/div>\n\n\n\n<div class=\"wp-block-columns is-style-section-1 is-layout-flex wp-container-core-columns-is-layout-28f84493 wp-block-columns-is-layout-flex is-style-section-1--7\">\n<div class=\"wp-block-column is-layout-flow wp-block-column-is-layout-flow\" style=\"padding-top:var(--wp--preset--spacing--30);padding-right:var(--wp--preset--spacing--30);padding-bottom:var(--wp--preset--spacing--30);padding-left:var(--wp--preset--spacing--30)\">\n<p class=\"has-text-align-center\"><strong>Nina L\u00e9ger et Marina Chiche<\/strong><\/p>\n\n\n\n<p class=\"has-text-align-center\"><strong>M\u00e9moires sauv\u00e9es de l&rsquo;eau<\/strong><\/p>\n\n\n\n<p>Le 20\/09\/2025 au festival <a href=\"https:\/\/arts.princeton.edu\/events\/seuls-en-scene-2025-presents-memoires-sauvees-de-leau-nina-leger\/\">Seuls en Sc\u00e8ne<\/a> de Princeton<\/p>\n<\/div>\n\n\n\n<div class=\"wp-block-column is-layout-flow wp-block-column-is-layout-flow\">\n<figure class=\"wp-block-image aligncenter size-large wp-duotone-111111-ffffff-8\" style=\"margin-top:var(--wp--preset--spacing--30);margin-bottom:var(--wp--preset--spacing--30)\"><a href=\"https:\/\/arts.princeton.edu\/events\/seuls-en-scene-2025-presents-memoires-sauvees-de-leau-nina-leger\/\"><img loading=\"lazy\" decoding=\"async\" width=\"1024\" height=\"1024\" src=\"https:\/\/nomadbooksagency.com\/wp-content\/uploads\/2025\/09\/Nina_Leger-1024x1024.jpg\" alt=\"\" class=\"wp-image-330\" srcset=\"https:\/\/nomadbooksagency.com\/wp-content\/uploads\/2025\/09\/Nina_Leger-1024x1024.jpg 1024w, https:\/\/nomadbooksagency.com\/wp-content\/uploads\/2025\/09\/Nina_Leger-300x300.jpg 300w, https:\/\/nomadbooksagency.com\/wp-content\/uploads\/2025\/09\/Nina_Leger-150x150.jpg 150w, https:\/\/nomadbooksagency.com\/wp-content\/uploads\/2025\/09\/Nina_Leger-768x768.jpg 768w, https:\/\/nomadbooksagency.com\/wp-content\/uploads\/2025\/09\/Nina_Leger.jpg 1080w\" sizes=\"auto, (max-width: 1024px) 100vw, 1024px\" \/><\/a><\/figure>\n<\/div>\n<\/div>\n","protected":false},"excerpt":{"rendered":"<p>Nomad Books Agency propose un accompagnement dans la curation et l\u2019organisation d\u2019\u00e9v\u00e9nements litt\u00e9raires, que ce soit de mani\u00e8re ponctuelle ou pour imaginer des formats plus ambitieux ou des cycles de rencontres. \u00c9v\u00e8nements \u00e0 venir Trump, 1 an apr\u00e8s : que reste-t-il du r\u00eave am\u00e9ricain ? Rencontre avec des r\u00e9sidents de la Villa Albertine au Palais [&hellip;]<\/p>\n","protected":false},"author":1,"featured_media":0,"parent":0,"menu_order":0,"comment_status":"closed","ping_status":"closed","template":"","meta":{"footnotes":""},"class_list":["post-35","page","type-page","status-publish","hentry"],"_links":{"self":[{"href":"https:\/\/nomadbooksagency.com\/index.php\/wp-json\/wp\/v2\/pages\/35","targetHints":{"allow":["GET"]}}],"collection":[{"href":"https:\/\/nomadbooksagency.com\/index.php\/wp-json\/wp\/v2\/pages"}],"about":[{"href":"https:\/\/nomadbooksagency.com\/index.php\/wp-json\/wp\/v2\/types\/page"}],"author":[{"embeddable":true,"href":"https:\/\/nomadbooksagency.com\/index.php\/wp-json\/wp\/v2\/users\/1"}],"replies":[{"embeddable":true,"href":"https:\/\/nomadbooksagency.com\/index.php\/wp-json\/wp\/v2\/comments?post=35"}],"version-history":[{"count":24,"href":"https:\/\/nomadbooksagency.com\/index.php\/wp-json\/wp\/v2\/pages\/35\/revisions"}],"predecessor-version":[{"id":568,"href":"https:\/\/nomadbooksagency.com\/index.php\/wp-json\/wp\/v2\/pages\/35\/revisions\/568"}],"wp:attachment":[{"href":"https:\/\/nomadbooksagency.com\/index.php\/wp-json\/wp\/v2\/media?parent=35"}],"curies":[{"name":"wp","href":"https:\/\/api.w.org\/{rel}","templated":true}]}}