{"id":33,"date":"2025-08-12T17:38:55","date_gmt":"2025-08-12T15:38:55","guid":{"rendered":"https:\/\/nomadbooksagency.com\/?page_id=33"},"modified":"2025-09-15T12:02:40","modified_gmt":"2025-09-15T10:02:40","slug":"adaptations","status":"publish","type":"page","link":"https:\/\/nomadbooksagency.com\/index.php\/adaptations\/","title":{"rendered":"Adaptations"},"content":{"rendered":"\n<p class=\"has-text-align-justify has-text-align-justify\">Nomad Books Agency repr\u00e9sente les droits audiovisuels des auteur\u00b7ices de plusieurs clients, en France et \u00e0 l\u2019\u00e9tranger.<\/p>\n\n\n\n<p><\/p>\n\n\n\n<div class=\"wp-block-columns is-style-section-1 is-layout-flex wp-container-core-columns-is-layout-1a3f87fd wp-block-columns-is-layout-flex is-style-section-1--1\" style=\"margin-top:0;margin-bottom:0;padding-top:0;padding-bottom:0\">\n<div class=\"wp-block-column is-vertically-aligned-center is-style-default has-large-font-size is-layout-flow wp-container-core-column-is-layout-f3c7fa73 wp-block-column-is-layout-flow\" style=\"border-style:none;border-width:0px;border-radius:0px;padding-top:0;padding-bottom:0\">\n<p class=\"has-text-align-center is-style-default\"><strong>Feurat Alani<\/strong><\/p>\n<\/div>\n\n\n\n<div class=\"wp-block-column is-vertically-aligned-center is-layout-flow wp-block-column-is-layout-flow\">\n<figure class=\"wp-block-image size-large\" style=\"margin-top:var(--wp--preset--spacing--30);margin-bottom:var(--wp--preset--spacing--30)\"><a href=\"https:\/\/www.editions-jclattes.fr\/livre\/je-me-souviens-de-falloujah-9782709671248\/\"><img loading=\"lazy\" decoding=\"async\" width=\"651\" height=\"1024\" src=\"https:\/\/nomadbooksagency.com\/wp-content\/uploads\/2025\/09\/Feurat_Alani_book1-651x1024.jpg\" alt=\"\" class=\"wp-image-439\" srcset=\"https:\/\/nomadbooksagency.com\/wp-content\/uploads\/2025\/09\/Feurat_Alani_book1-651x1024.jpg 651w, https:\/\/nomadbooksagency.com\/wp-content\/uploads\/2025\/09\/Feurat_Alani_book1-191x300.jpg 191w, https:\/\/nomadbooksagency.com\/wp-content\/uploads\/2025\/09\/Feurat_Alani_book1-768x1208.jpg 768w, https:\/\/nomadbooksagency.com\/wp-content\/uploads\/2025\/09\/Feurat_Alani_book1.jpg 780w\" sizes=\"auto, (max-width: 651px) 100vw, 651px\" \/><\/a><\/figure>\n<\/div>\n\n\n\n<div class=\"wp-block-column is-vertically-aligned-center is-layout-flow wp-block-column-is-layout-flow\" style=\"padding-top:var(--wp--preset--spacing--30);padding-bottom:var(--wp--preset--spacing--30)\">\n<figure class=\"wp-block-image size-large\"><a href=\"https:\/\/www.editions-jclattes.fr\/livre\/le-ciel-est-immense-9782709674249\/\"><img loading=\"lazy\" decoding=\"async\" width=\"646\" height=\"1024\" src=\"https:\/\/nomadbooksagency.com\/wp-content\/uploads\/2025\/09\/Feurat_Alani_book2-646x1024.jpg\" alt=\"\" class=\"wp-image-440\" srcset=\"https:\/\/nomadbooksagency.com\/wp-content\/uploads\/2025\/09\/Feurat_Alani_book2-646x1024.jpg 646w, https:\/\/nomadbooksagency.com\/wp-content\/uploads\/2025\/09\/Feurat_Alani_book2-189x300.jpg 189w, https:\/\/nomadbooksagency.com\/wp-content\/uploads\/2025\/09\/Feurat_Alani_book2-768x1217.jpg 768w, https:\/\/nomadbooksagency.com\/wp-content\/uploads\/2025\/09\/Feurat_Alani_book2.jpg 780w\" sizes=\"auto, (max-width: 646px) 100vw, 646px\" \/><\/a><\/figure>\n<\/div>\n<\/div>\n\n\n\n<div class=\"wp-block-columns is-style-section-2 is-layout-flex wp-container-core-columns-is-layout-1a3f87fd wp-block-columns-is-layout-flex is-style-section-2--2\" style=\"margin-top:0;margin-bottom:0;padding-top:0;padding-bottom:0\">\n<div class=\"wp-block-column is-vertically-aligned-center is-style-default has-large-font-size is-layout-flow wp-container-core-column-is-layout-f3c7fa73 wp-block-column-is-layout-flow\" style=\"border-style:none;border-width:0px;border-radius:0px;padding-top:0;padding-bottom:0\">\n<p class=\"has-text-align-center is-style-default\"><strong>Clare Beams<\/strong><\/p>\n<\/div>\n\n\n\n<div class=\"wp-block-column is-vertically-aligned-center is-layout-flow wp-block-column-is-layout-flow\">\n<figure class=\"wp-block-image size-full\" style=\"margin-top:var(--wp--preset--spacing--30);margin-bottom:var(--wp--preset--spacing--30)\"><a href=\"https:\/\/www.lisez.com\/livres\/lecole-aux-oiseaux\/9782258203778\"><img loading=\"lazy\" decoding=\"async\" width=\"514\" height=\"800\" src=\"https:\/\/nomadbooksagency.com\/wp-content\/uploads\/2025\/09\/Clare_Beams_book1.jpg\" alt=\"\" class=\"wp-image-437\" srcset=\"https:\/\/nomadbooksagency.com\/wp-content\/uploads\/2025\/09\/Clare_Beams_book1.jpg 514w, https:\/\/nomadbooksagency.com\/wp-content\/uploads\/2025\/09\/Clare_Beams_book1-193x300.jpg 193w\" sizes=\"auto, (max-width: 514px) 100vw, 514px\" \/><\/a><\/figure>\n<\/div>\n\n\n\n<div class=\"wp-block-column is-vertically-aligned-center is-layout-flow wp-block-column-is-layout-flow\" style=\"padding-top:var(--wp--preset--spacing--30);padding-bottom:var(--wp--preset--spacing--30)\"><\/div>\n<\/div>\n\n\n\n<div class=\"wp-block-columns is-style-section-1 is-layout-flex wp-container-core-columns-is-layout-1a3f87fd wp-block-columns-is-layout-flex is-style-section-1--3\" style=\"margin-top:0;margin-bottom:0;padding-top:0;padding-bottom:0\">\n<div class=\"wp-block-column is-vertically-aligned-center is-style-default has-large-font-size is-layout-flow wp-container-core-column-is-layout-f3c7fa73 wp-block-column-is-layout-flow\" style=\"border-style:none;border-width:0px;border-radius:0px;padding-top:0;padding-bottom:0\">\n<p class=\"has-text-align-center is-style-default\"><strong>Fabienne Betting<\/strong><\/p>\n<\/div>\n\n\n\n<div class=\"wp-block-column is-vertically-aligned-center is-layout-flow wp-block-column-is-layout-flow\">\n<figure class=\"wp-block-image size-full\" style=\"margin-top:var(--wp--preset--spacing--30);margin-bottom:var(--wp--preset--spacing--30)\"><a href=\"https:\/\/www.linwoodmessina.com\/portfolio\/from-mesmania-with-love\/\"><img loading=\"lazy\" decoding=\"async\" width=\"543\" height=\"800\" src=\"https:\/\/nomadbooksagency.com\/wp-content\/uploads\/2025\/09\/Betting-Gallery-bonsbaisers.jpg\" alt=\"\" class=\"wp-image-556\" srcset=\"https:\/\/nomadbooksagency.com\/wp-content\/uploads\/2025\/09\/Betting-Gallery-bonsbaisers.jpg 543w, https:\/\/nomadbooksagency.com\/wp-content\/uploads\/2025\/09\/Betting-Gallery-bonsbaisers-204x300.jpg 204w\" sizes=\"auto, (max-width: 543px) 100vw, 543px\" \/><\/a><\/figure>\n<\/div>\n\n\n\n<div class=\"wp-block-column is-vertically-aligned-center is-layout-flow wp-block-column-is-layout-flow\" style=\"padding-top:var(--wp--preset--spacing--30);padding-bottom:var(--wp--preset--spacing--30)\">\n<figure class=\"wp-block-image size-full\" style=\"margin-top:0;margin-bottom:0\"><a href=\"https:\/\/www.linwoodmessina.com\/portfolio\/la-theorie-des-poignees-de-main-six-degrees-around-the-world-betting\/\"><img loading=\"lazy\" decoding=\"async\" width=\"544\" height=\"800\" src=\"https:\/\/nomadbooksagency.com\/wp-content\/uploads\/2025\/09\/Betting-theorie_pp.jpg\" alt=\"\" class=\"wp-image-557\" srcset=\"https:\/\/nomadbooksagency.com\/wp-content\/uploads\/2025\/09\/Betting-theorie_pp.jpg 544w, https:\/\/nomadbooksagency.com\/wp-content\/uploads\/2025\/09\/Betting-theorie_pp-204x300.jpg 204w\" sizes=\"auto, (max-width: 544px) 100vw, 544px\" \/><\/a><\/figure>\n<\/div>\n<\/div>\n\n\n\n<div class=\"wp-block-columns is-style-section-2 is-layout-flex wp-container-core-columns-is-layout-1a3f87fd wp-block-columns-is-layout-flex is-style-section-2--4\" style=\"margin-top:0;margin-bottom:0;padding-top:0;padding-bottom:0\">\n<div class=\"wp-block-column is-vertically-aligned-center is-style-default has-large-font-size is-layout-flow wp-container-core-column-is-layout-f3c7fa73 wp-block-column-is-layout-flow\" style=\"border-style:none;border-width:0px;border-radius:0px;padding-top:0;padding-bottom:0\">\n<p class=\"has-text-align-center is-style-default\"><strong>Victoria Brownlee<\/strong><\/p>\n<\/div>\n\n\n\n<div class=\"wp-block-column is-vertically-aligned-center is-layout-flow wp-block-column-is-layout-flow\">\n<figure class=\"wp-block-image size-large\" style=\"margin-top:var(--wp--preset--spacing--30);margin-bottom:var(--wp--preset--spacing--30)\"><a href=\"https:\/\/www.linwoodmessina.com\/portfolio\/eat-your-heart-out-victoria-brownlee\/\"><img loading=\"lazy\" decoding=\"async\" width=\"696\" height=\"1024\" src=\"https:\/\/nomadbooksagency.com\/wp-content\/uploads\/2025\/09\/Victoria_brownlee_book1-696x1024.jpg\" alt=\"\" class=\"wp-image-447\" srcset=\"https:\/\/nomadbooksagency.com\/wp-content\/uploads\/2025\/09\/Victoria_brownlee_book1-696x1024.jpg 696w, https:\/\/nomadbooksagency.com\/wp-content\/uploads\/2025\/09\/Victoria_brownlee_book1-204x300.jpg 204w, https:\/\/nomadbooksagency.com\/wp-content\/uploads\/2025\/09\/Victoria_brownlee_book1.jpg 729w\" sizes=\"auto, (max-width: 696px) 100vw, 696px\" \/><\/a><\/figure>\n<\/div>\n\n\n\n<div class=\"wp-block-column is-vertically-aligned-center is-layout-flow wp-block-column-is-layout-flow\" style=\"padding-top:var(--wp--preset--spacing--30);padding-bottom:var(--wp--preset--spacing--30)\"><\/div>\n<\/div>\n\n\n\n<div class=\"wp-block-columns is-style-section-1 is-layout-flex wp-container-core-columns-is-layout-1a3f87fd wp-block-columns-is-layout-flex is-style-section-1--5\" style=\"margin-top:0;margin-bottom:0;padding-top:0;padding-bottom:0\">\n<div class=\"wp-block-column is-vertically-aligned-center is-style-default has-large-font-size is-layout-flow wp-container-core-column-is-layout-f3c7fa73 wp-block-column-is-layout-flow\" style=\"border-style:none;border-width:0px;border-radius:0px;padding-top:0;padding-bottom:0\">\n<p class=\"has-text-align-center is-style-default\"><strong>Diaty Diallo<\/strong><\/p>\n<\/div>\n\n\n\n<div class=\"wp-block-column is-vertically-aligned-center is-layout-flow wp-block-column-is-layout-flow\">\n<figure class=\"wp-block-image size-full\" style=\"margin-top:var(--wp--preset--spacing--30);margin-bottom:var(--wp--preset--spacing--30)\"><a href=\"https:\/\/www.seuil.com\/ouvrage\/deux-secondes-d-air-qui-brule-diaty-diallo\/9782021507584\"><img loading=\"lazy\" decoding=\"async\" width=\"546\" height=\"800\" src=\"https:\/\/nomadbooksagency.com\/wp-content\/uploads\/2025\/09\/Diati_Diallo_book1.jpg\" alt=\"\" class=\"wp-image-438\" srcset=\"https:\/\/nomadbooksagency.com\/wp-content\/uploads\/2025\/09\/Diati_Diallo_book1.jpg 546w, https:\/\/nomadbooksagency.com\/wp-content\/uploads\/2025\/09\/Diati_Diallo_book1-205x300.jpg 205w\" sizes=\"auto, (max-width: 546px) 100vw, 546px\" \/><\/a><\/figure>\n<\/div>\n\n\n\n<div class=\"wp-block-column is-vertically-aligned-center is-layout-flow wp-block-column-is-layout-flow\" style=\"padding-top:var(--wp--preset--spacing--30);padding-bottom:var(--wp--preset--spacing--30)\"><\/div>\n<\/div>\n\n\n\n<div class=\"wp-block-columns is-style-section-2 is-layout-flex wp-container-core-columns-is-layout-1a3f87fd wp-block-columns-is-layout-flex is-style-section-2--6\" style=\"margin-top:0;margin-bottom:0;padding-top:0;padding-bottom:0\">\n<div class=\"wp-block-column is-vertically-aligned-center is-style-default has-large-font-size is-layout-flow wp-container-core-column-is-layout-f3c7fa73 wp-block-column-is-layout-flow\" style=\"border-style:none;border-width:0px;border-radius:0px;padding-top:0;padding-bottom:0\">\n<p class=\"has-text-align-center is-style-default\"><strong>Polina Panassenko<\/strong><\/p>\n<\/div>\n\n\n\n<div class=\"wp-block-column is-vertically-aligned-center is-layout-flow wp-container-core-column-is-layout-92d440f1 wp-block-column-is-layout-flow\" style=\"border-style:none;border-width:0px;border-radius:0px;padding-top:0;padding-bottom:0\">\n<figure class=\"wp-block-image size-full\" style=\"margin-top:var(--wp--preset--spacing--30);margin-bottom:var(--wp--preset--spacing--30)\"><a href=\"http:\/\/editionsdelolivier.fr\/catalogue\/9782823619591-tenir-sa-langue\"><img loading=\"lazy\" decoding=\"async\" width=\"409\" height=\"600\" src=\"https:\/\/nomadbooksagency.com\/wp-content\/uploads\/2025\/09\/Polina_Panassenko_book1.jpg\" alt=\"\" class=\"wp-image-445\" srcset=\"https:\/\/nomadbooksagency.com\/wp-content\/uploads\/2025\/09\/Polina_Panassenko_book1.jpg 409w, https:\/\/nomadbooksagency.com\/wp-content\/uploads\/2025\/09\/Polina_Panassenko_book1-205x300.jpg 205w\" sizes=\"auto, (max-width: 409px) 100vw, 409px\" \/><\/a><\/figure>\n<\/div>\n\n\n\n<div class=\"wp-block-column is-vertically-aligned-center is-layout-flow wp-container-core-column-is-layout-92d440f1 wp-block-column-is-layout-flow\" style=\"border-style:none;border-width:0px;border-radius:0px;padding-top:0;padding-bottom:0\"><\/div>\n<\/div>\n\n\n\n<div class=\"wp-block-columns is-style-section-1 is-layout-flex wp-container-core-columns-is-layout-1a3f87fd wp-block-columns-is-layout-flex is-style-section-1--7\" style=\"margin-top:0;margin-bottom:0;padding-top:0;padding-bottom:0\">\n<div class=\"wp-block-column is-vertically-aligned-center is-style-default has-large-font-size is-layout-flow wp-container-core-column-is-layout-f3c7fa73 wp-block-column-is-layout-flow\" style=\"border-style:none;border-width:0px;border-radius:0px;padding-top:0;padding-bottom:0\">\n<p class=\"has-text-align-center is-style-default\"><strong>S\u00e9phora Pondi<\/strong><\/p>\n<\/div>\n\n\n\n<div class=\"wp-block-column is-vertically-aligned-center is-layout-flow wp-block-column-is-layout-flow\">\n<figure class=\"wp-block-image size-large\" style=\"margin-top:var(--wp--preset--spacing--30);margin-bottom:var(--wp--preset--spacing--30)\"><a href=\"https:\/\/www.grasset.fr\/livre\/avale-9782246835493\/\"><img loading=\"lazy\" decoding=\"async\" width=\"649\" height=\"1024\" src=\"https:\/\/nomadbooksagency.com\/wp-content\/uploads\/2025\/09\/Sephora_Pondi_book1-649x1024.jpg\" alt=\"\" class=\"wp-image-446\" srcset=\"https:\/\/nomadbooksagency.com\/wp-content\/uploads\/2025\/09\/Sephora_Pondi_book1-649x1024.jpg 649w, https:\/\/nomadbooksagency.com\/wp-content\/uploads\/2025\/09\/Sephora_Pondi_book1-190x300.jpg 190w, https:\/\/nomadbooksagency.com\/wp-content\/uploads\/2025\/09\/Sephora_Pondi_book1-768x1211.jpg 768w, https:\/\/nomadbooksagency.com\/wp-content\/uploads\/2025\/09\/Sephora_Pondi_book1.jpg 780w\" sizes=\"auto, (max-width: 649px) 100vw, 649px\" \/><\/a><\/figure>\n<\/div>\n\n\n\n<div class=\"wp-block-column is-vertically-aligned-center is-layout-flow wp-block-column-is-layout-flow\" style=\"padding-top:var(--wp--preset--spacing--30);padding-bottom:var(--wp--preset--spacing--30)\"><\/div>\n<\/div>\n\n\n\n<div class=\"wp-block-columns is-style-section-2 is-layout-flex wp-container-core-columns-is-layout-1a3f87fd wp-block-columns-is-layout-flex is-style-section-2--8\" style=\"margin-top:0;margin-bottom:0;padding-top:0;padding-bottom:0\">\n<div class=\"wp-block-column is-vertically-aligned-center is-style-default has-large-font-size is-layout-flow wp-container-core-column-is-layout-f3c7fa73 wp-block-column-is-layout-flow\" style=\"border-style:none;border-width:0px;border-radius:0px;padding-top:0;padding-bottom:0\">\n<p class=\"has-text-align-center is-style-default\"><strong>Juliette Sachs<\/strong><\/p>\n<\/div>\n\n\n\n<div class=\"wp-block-column is-vertically-aligned-center is-layout-flow wp-block-column-is-layout-flow\" style=\"padding-top:var(--wp--preset--spacing--30);padding-bottom:var(--wp--preset--spacing--30)\">\n<p>Spritz, Cadavres et Chocolat<\/p>\n\n\n\n<p>\u00e0 para\u00eetre en 2026<\/p>\n<\/div>\n\n\n\n<div class=\"wp-block-column is-vertically-aligned-center is-layout-flow wp-block-column-is-layout-flow\" style=\"padding-top:var(--wp--preset--spacing--30);padding-bottom:var(--wp--preset--spacing--30)\"><\/div>\n<\/div>\n\n\n\n<div class=\"wp-block-columns is-style-section-1 is-layout-flex wp-container-core-columns-is-layout-1a3f87fd wp-block-columns-is-layout-flex is-style-section-1--9\" style=\"margin-top:0;margin-bottom:0;padding-top:0;padding-bottom:0\">\n<div class=\"wp-block-column is-vertically-aligned-center is-style-default has-large-font-size is-layout-flow wp-container-core-column-is-layout-f3c7fa73 wp-block-column-is-layout-flow\" style=\"border-style:none;border-width:0px;border-radius:0px;padding-top:0;padding-bottom:0\">\n<p class=\"has-text-align-center is-style-default\"><strong>Jonathan Santlofer<\/strong><\/p>\n<\/div>\n\n\n\n<div class=\"wp-block-column is-vertically-aligned-center is-layout-flow wp-block-column-is-layout-flow\">\n<figure class=\"wp-block-image size-full\" style=\"margin-top:var(--wp--preset--spacing--30);margin-bottom:var(--wp--preset--spacing--30)\"><a href=\"https:\/\/www.lisez.com\/livres\/lheritage-monna-lisa-les-enquetes-de-luke-perrone\/9782266343879\"><img loading=\"lazy\" decoding=\"async\" width=\"488\" height=\"800\" src=\"https:\/\/nomadbooksagency.com\/wp-content\/uploads\/2025\/09\/Jonathan_Santlofer_book1.jpg\" alt=\"\" class=\"wp-image-443\" srcset=\"https:\/\/nomadbooksagency.com\/wp-content\/uploads\/2025\/09\/Jonathan_Santlofer_book1.jpg 488w, https:\/\/nomadbooksagency.com\/wp-content\/uploads\/2025\/09\/Jonathan_Santlofer_book1-183x300.jpg 183w\" sizes=\"auto, (max-width: 488px) 100vw, 488px\" \/><\/a><\/figure>\n<\/div>\n\n\n\n<div class=\"wp-block-column is-vertically-aligned-center is-layout-flow wp-block-column-is-layout-flow\" style=\"padding-top:var(--wp--preset--spacing--30);padding-bottom:var(--wp--preset--spacing--30)\">\n<figure class=\"wp-block-image size-full\" style=\"margin-top:var(--wp--preset--spacing--30);margin-bottom:var(--wp--preset--spacing--30)\"><a href=\"https:\/\/www.lisez.com\/livres\/la-conspiration-van-gogh\/9782266352093\"><img loading=\"lazy\" decoding=\"async\" width=\"488\" height=\"800\" src=\"https:\/\/nomadbooksagency.com\/wp-content\/uploads\/2025\/09\/Jonathan_Santlofer_book2.jpg\" alt=\"\" class=\"wp-image-444\" srcset=\"https:\/\/nomadbooksagency.com\/wp-content\/uploads\/2025\/09\/Jonathan_Santlofer_book2.jpg 488w, https:\/\/nomadbooksagency.com\/wp-content\/uploads\/2025\/09\/Jonathan_Santlofer_book2-183x300.jpg 183w\" sizes=\"auto, (max-width: 488px) 100vw, 488px\" \/><\/a><\/figure>\n<\/div>\n<\/div>\n\n\n\n<div class=\"wp-block-columns is-style-section-2 is-layout-flex wp-container-core-columns-is-layout-1a3f87fd wp-block-columns-is-layout-flex is-style-section-2--10\" style=\"margin-top:0;margin-bottom:0;padding-top:0;padding-bottom:0\">\n<div class=\"wp-block-column is-vertically-aligned-center is-style-default has-large-font-size is-layout-flow wp-container-core-column-is-layout-f3c7fa73 wp-block-column-is-layout-flow\" style=\"border-style:none;border-width:0px;border-radius:0px;padding-top:0;padding-bottom:0\">\n<p class=\"has-text-align-center is-style-default\"><strong>Greg Steinmetz<\/strong><\/p>\n<\/div>\n\n\n\n<div class=\"wp-block-column is-vertically-aligned-center is-layout-flow wp-block-column-is-layout-flow\">\n<figure class=\"wp-block-image size-full\" style=\"margin-top:var(--wp--preset--spacing--30);margin-bottom:var(--wp--preset--spacing--30)\"><a href=\"https:\/\/www.simonandschuster.com\/books\/The-Richest-Man-Who-Ever-Lived\/Greg-Steinmetz\/9781451688566\"><img loading=\"lazy\" decoding=\"async\" width=\"533\" height=\"800\" src=\"https:\/\/nomadbooksagency.com\/wp-content\/uploads\/2025\/09\/Greg_Steinmetz_book1.jpg\" alt=\"\" class=\"wp-image-441\" srcset=\"https:\/\/nomadbooksagency.com\/wp-content\/uploads\/2025\/09\/Greg_Steinmetz_book1.jpg 533w, https:\/\/nomadbooksagency.com\/wp-content\/uploads\/2025\/09\/Greg_Steinmetz_book1-200x300.jpg 200w\" sizes=\"auto, (max-width: 533px) 100vw, 533px\" \/><\/a><\/figure>\n<\/div>\n\n\n\n<div class=\"wp-block-column is-vertically-aligned-center is-layout-flow wp-block-column-is-layout-flow\" style=\"padding-top:var(--wp--preset--spacing--30);padding-bottom:var(--wp--preset--spacing--30)\"><\/div>\n<\/div>\n\n\n\n<div class=\"wp-block-columns is-style-section-1 is-layout-flex wp-container-core-columns-is-layout-1a3f87fd wp-block-columns-is-layout-flex is-style-section-1--11\" style=\"margin-top:0;margin-bottom:0;padding-top:0;padding-bottom:0\">\n<div class=\"wp-block-column is-vertically-aligned-center is-style-default has-large-font-size is-layout-flow wp-container-core-column-is-layout-f3c7fa73 wp-block-column-is-layout-flow\" style=\"border-style:none;border-width:0px;border-radius:0px;padding-top:0;padding-bottom:0\">\n<p class=\"has-text-align-center is-style-default\"><strong>Heather Young<\/strong><\/p>\n<\/div>\n\n\n\n<div class=\"wp-block-column is-vertically-aligned-center is-layout-flow wp-block-column-is-layout-flow\">\n<figure class=\"wp-block-image size-full\" style=\"margin-top:var(--wp--preset--spacing--30);margin-bottom:var(--wp--preset--spacing--30)\"><a href=\"https:\/\/www.lisez.com\/livres\/ceux-dici-ne-savent-pas\/9782714478245\"><img loading=\"lazy\" decoding=\"async\" width=\"498\" height=\"800\" src=\"https:\/\/nomadbooksagency.com\/wp-content\/uploads\/2025\/09\/Heather_Young_book1-rotated-e1756992455328.jpg\" alt=\"\" class=\"wp-image-442\" srcset=\"https:\/\/nomadbooksagency.com\/wp-content\/uploads\/2025\/09\/Heather_Young_book1-rotated-e1756992455328.jpg 498w, https:\/\/nomadbooksagency.com\/wp-content\/uploads\/2025\/09\/Heather_Young_book1-rotated-e1756992455328-187x300.jpg 187w\" sizes=\"auto, (max-width: 498px) 100vw, 498px\" \/><\/a><\/figure>\n<\/div>\n\n\n\n<div class=\"wp-block-column is-vertically-aligned-center is-layout-flow wp-block-column-is-layout-flow\" style=\"padding-top:var(--wp--preset--spacing--30);padding-bottom:var(--wp--preset--spacing--30)\"><\/div>\n<\/div>\n","protected":false},"excerpt":{"rendered":"<p>Nomad Books Agency repr\u00e9sente les droits audiovisuels des auteur\u00b7ices de plusieurs clients, en France et \u00e0 l\u2019\u00e9tranger. Feurat Alani Clare Beams Fabienne Betting Victoria Brownlee Diaty Diallo Polina Panassenko S\u00e9phora Pondi Juliette Sachs Spritz, Cadavres et Chocolat \u00e0 para\u00eetre en 2026 Jonathan Santlofer Greg Steinmetz Heather Young<\/p>\n","protected":false},"author":1,"featured_media":0,"parent":0,"menu_order":0,"comment_status":"closed","ping_status":"closed","template":"","meta":{"footnotes":""},"class_list":["post-33","page","type-page","status-publish","hentry"],"_links":{"self":[{"href":"https:\/\/nomadbooksagency.com\/index.php\/wp-json\/wp\/v2\/pages\/33","targetHints":{"allow":["GET"]}}],"collection":[{"href":"https:\/\/nomadbooksagency.com\/index.php\/wp-json\/wp\/v2\/pages"}],"about":[{"href":"https:\/\/nomadbooksagency.com\/index.php\/wp-json\/wp\/v2\/types\/page"}],"author":[{"embeddable":true,"href":"https:\/\/nomadbooksagency.com\/index.php\/wp-json\/wp\/v2\/users\/1"}],"replies":[{"embeddable":true,"href":"https:\/\/nomadbooksagency.com\/index.php\/wp-json\/wp\/v2\/comments?post=33"}],"version-history":[{"count":112,"href":"https:\/\/nomadbooksagency.com\/index.php\/wp-json\/wp\/v2\/pages\/33\/revisions"}],"predecessor-version":[{"id":561,"href":"https:\/\/nomadbooksagency.com\/index.php\/wp-json\/wp\/v2\/pages\/33\/revisions\/561"}],"wp:attachment":[{"href":"https:\/\/nomadbooksagency.com\/index.php\/wp-json\/wp\/v2\/media?parent=33"}],"curies":[{"name":"wp","href":"https:\/\/api.w.org\/{rel}","templated":true}]}}