{"id":31,"date":"2025-08-12T17:38:32","date_gmt":"2025-08-12T15:38:32","guid":{"rendered":"https:\/\/nomadbooksagency.com\/?page_id=31"},"modified":"2025-09-02T17:21:54","modified_gmt":"2025-09-02T15:21:54","slug":"auteurs","status":"publish","type":"page","link":"https:\/\/nomadbooksagency.com\/index.php\/auteurs\/","title":{"rendered":"Auteurs"},"content":{"rendered":"\n<div style=\"height:100px\" aria-hidden=\"true\" class=\"wp-block-spacer\"><\/div>\n\n\n\n<div class=\"wp-block-columns is-layout-flex wp-container-core-columns-is-layout-28f84493 wp-block-columns-is-layout-flex\">\n<div class=\"wp-block-column is-style-section-1 is-layout-flow wp-block-column-is-layout-flow is-style-section-1--1\">\n<div class=\"wp-block-columns is-layout-flex wp-container-core-columns-is-layout-28f84493 wp-block-columns-is-layout-flex\">\n<div class=\"wp-block-column is-layout-flow wp-block-column-is-layout-flow\" style=\"flex-basis:66.66%\">\n<p class=\"has-text-align-center\"><strong>Coralie Custos Quatreville<\/strong><\/p>\n\n\n\n<p class=\"has-text-align-justify has-text-align-justify\" style=\"padding-top:var(--wp--preset--spacing--30);padding-right:var(--wp--preset--spacing--30);padding-bottom:var(--wp--preset--spacing--30);padding-left:var(--wp--preset--spacing--30)\">Coralie est n\u00e9e \u00e0 Paris en 1994.&nbsp;Dipl\u00f4m\u00e9e en sciences politiques, ses travaux de recherche en philosophie du langage ordinaire interrogent la puissance des r\u00e9cits contemporains et leur capacit\u00e9 \u00e0 mobiliser la soci\u00e9t\u00e9 autour des grands enjeux de notre temps : transition \u00e9cologique, justice sociale et \u00e9galit\u00e9 des chances. Dans son travail de r\u00e9flexion et d\u2019\u00e9criture, Coralie cherche \u00e0 redonner place \u00e0 ce qui \u00e9chappe aux \u00e9vidences, \u00e0 ouvrir des espaces o\u00f9 d\u2019autres voix deviennent audibles, capables de nourrir l\u2019imaginaire collectif et d\u2019inspirer de nouvelles formes d\u2019action et de solidarit\u00e9. Son premier roman paraitra d\u00e9but 2026 aux \u00e9ditions Belfond.<\/p>\n<\/div>\n\n\n\n<div class=\"wp-block-column is-layout-flow wp-block-column-is-layout-flow\" style=\"flex-basis:33.33%\">\n<figure class=\"wp-block-image aligncenter size-medium wp-duotone-111111-ffffff-2\" style=\"margin-top:var(--wp--preset--spacing--30);margin-right:var(--wp--preset--spacing--30);margin-bottom:var(--wp--preset--spacing--30);margin-left:var(--wp--preset--spacing--30)\"><img loading=\"lazy\" decoding=\"async\" width=\"300\" height=\"300\" src=\"https:\/\/nomadbooksagency.com\/wp-content\/uploads\/2025\/09\/Coralie-Custos-Quatreville-Portrait-Credit-Cedrick-Isham-scaled-1-300x300.jpg\" alt=\"\" class=\"wp-image-327\" srcset=\"https:\/\/nomadbooksagency.com\/wp-content\/uploads\/2025\/09\/Coralie-Custos-Quatreville-Portrait-Credit-Cedrick-Isham-scaled-1-300x300.jpg 300w, https:\/\/nomadbooksagency.com\/wp-content\/uploads\/2025\/09\/Coralie-Custos-Quatreville-Portrait-Credit-Cedrick-Isham-scaled-1-1024x1024.jpg 1024w, https:\/\/nomadbooksagency.com\/wp-content\/uploads\/2025\/09\/Coralie-Custos-Quatreville-Portrait-Credit-Cedrick-Isham-scaled-1-150x150.jpg 150w, https:\/\/nomadbooksagency.com\/wp-content\/uploads\/2025\/09\/Coralie-Custos-Quatreville-Portrait-Credit-Cedrick-Isham-scaled-1-768x767.jpg 768w, https:\/\/nomadbooksagency.com\/wp-content\/uploads\/2025\/09\/Coralie-Custos-Quatreville-Portrait-Credit-Cedrick-Isham-scaled-1.jpg 1300w\" sizes=\"auto, (max-width: 300px) 100vw, 300px\" \/><\/figure>\n<\/div>\n<\/div>\n<\/div>\n<\/div>\n","protected":false},"excerpt":{"rendered":"<p>Coralie Custos Quatreville Coralie est n\u00e9e \u00e0 Paris en 1994.&nbsp;Dipl\u00f4m\u00e9e en sciences politiques, ses travaux de recherche en philosophie du langage ordinaire interrogent la puissance des r\u00e9cits contemporains et leur capacit\u00e9 \u00e0 mobiliser la soci\u00e9t\u00e9 autour des grands enjeux de notre temps : transition \u00e9cologique, justice sociale et \u00e9galit\u00e9 des chances. Dans son travail de [&hellip;]<\/p>\n","protected":false},"author":1,"featured_media":0,"parent":0,"menu_order":0,"comment_status":"closed","ping_status":"closed","template":"auteurs_fr","meta":{"footnotes":""},"class_list":["post-31","page","type-page","status-publish","hentry"],"_links":{"self":[{"href":"https:\/\/nomadbooksagency.com\/index.php\/wp-json\/wp\/v2\/pages\/31","targetHints":{"allow":["GET"]}}],"collection":[{"href":"https:\/\/nomadbooksagency.com\/index.php\/wp-json\/wp\/v2\/pages"}],"about":[{"href":"https:\/\/nomadbooksagency.com\/index.php\/wp-json\/wp\/v2\/types\/page"}],"author":[{"embeddable":true,"href":"https:\/\/nomadbooksagency.com\/index.php\/wp-json\/wp\/v2\/users\/1"}],"replies":[{"embeddable":true,"href":"https:\/\/nomadbooksagency.com\/index.php\/wp-json\/wp\/v2\/comments?post=31"}],"version-history":[{"count":18,"href":"https:\/\/nomadbooksagency.com\/index.php\/wp-json\/wp\/v2\/pages\/31\/revisions"}],"predecessor-version":[{"id":374,"href":"https:\/\/nomadbooksagency.com\/index.php\/wp-json\/wp\/v2\/pages\/31\/revisions\/374"}],"wp:attachment":[{"href":"https:\/\/nomadbooksagency.com\/index.php\/wp-json\/wp\/v2\/media?parent=31"}],"curies":[{"name":"wp","href":"https:\/\/api.w.org\/{rel}","templated":true}]}}