{"id":27,"date":"2025-08-12T17:38:01","date_gmt":"2025-08-12T15:38:01","guid":{"rendered":"https:\/\/nomadbooksagency.com\/?page_id=27"},"modified":"2026-03-09T15:34:36","modified_gmt":"2026-03-09T14:34:36","slug":"a-propos","status":"publish","type":"page","link":"https:\/\/nomadbooksagency.com\/index.php\/a-propos\/","title":{"rendered":"\u00c0 propos"},"content":{"rendered":"\n<div class=\"wp-block-columns is-layout-flex wp-container-core-columns-is-layout-28f84493 wp-block-columns-is-layout-flex\">\n<div class=\"wp-block-column is-style-default is-layout-flow wp-block-column-is-layout-flow\">\n<h2 class=\"wp-block-heading has-text-align-center is-style-default\">Louise Quantin, directrice et fondatrice<\/h2>\n<\/div>\n<\/div>\n\n\n\n<div class=\"wp-block-columns is-layout-flex wp-container-core-columns-is-layout-28f84493 wp-block-columns-is-layout-flex\">\n<div class=\"wp-block-column is-layout-flow wp-block-column-is-layout-flow\">\n<p class=\"has-text-align-justify has-text-align-justify\">Apr\u00e8s des \u00e9tudes d\u2019histoire et de litt\u00e9rature, Louise a travaill\u00e9 plus de dix ans dans l\u2019\u00e9dition \u00e0 Paris, pour diff\u00e9rentes maisons incluant Belfond, Les Presses de la Cit\u00e9, Grasset,&nbsp;Robert Laffont et Julliard, o\u00f9 elle \u00e9tait en charge des droits \u00e9trangers et audiovisuels.<\/p>\n<\/div>\n\n\n\n<div class=\"wp-block-column is-layout-flow wp-block-column-is-layout-flow\">\n<figure class=\"wp-block-image aligncenter size-full is-resized is-style-rounded\"><img loading=\"lazy\" decoding=\"async\" width=\"360\" height=\"360\" src=\"https:\/\/nomadbooksagency.com\/wp-content\/uploads\/2026\/03\/Louise-Quantin.jpg\" alt=\"\" class=\"wp-image-573\" style=\"width:260px;height:auto\" srcset=\"https:\/\/nomadbooksagency.com\/wp-content\/uploads\/2026\/03\/Louise-Quantin.jpg 360w, https:\/\/nomadbooksagency.com\/wp-content\/uploads\/2026\/03\/Louise-Quantin-300x300.jpg 300w, https:\/\/nomadbooksagency.com\/wp-content\/uploads\/2026\/03\/Louise-Quantin-150x150.jpg 150w\" sizes=\"auto, (max-width: 360px) 100vw, 360px\" \/><\/figure>\n<\/div>\n<\/div>\n\n\n\n<p class=\"has-text-align-justify has-text-align-justify\">Elle a ainsi contribu\u00e9 \u00e0 de nombreux projets d\u2019adaptation, pour la t\u00e9l\u00e9vision, les plateformes et le cin\u00e9ma, parmi lesquels <em>Un Avion sans elle<\/em> de Michel Bussi (Rififilms \/ Compagnie des Phares &amp; Balises), les remakes du <em>Salaire de la Peur<\/em> d\u2019Henri-Georges Clouzot (Labyrinthe Films, TF1 Studio, Netflix) et de <em>Bonjour Tristesse<\/em> de Fran\u00e7oise Sagan (Babe Nation Films) et <em>Dalloway,<\/em> d\u2019apr\u00e8s le roman de Tatiana de Rosnay, <em>Les Fleurs de l\u2019ombre<\/em> (Mandarin &amp; Compagnie, Gaumont T\u00e9l\u00e9vision).<\/p>\n\n\n\n<p class=\"has-text-align-justify has-text-align-justify\">En 2020, elle a rejoint les services culturels de l\u2019Ambassade de France \u00e0 New York et a dirig\u00e9 pendant quatre ans le d\u00e9partement Livres &amp; D\u00e9bat d\u2019id\u00e9es. Dans le cadre de cette mission, elle a particip\u00e9 \u00e0 la cr\u00e9ation du programme de r\u00e9sidences Villa Albertine, qui permet d\u2019accueillir chaque ann\u00e9e une cinquantaine d\u2019artistes et d\u2019\u00e9crivains fran\u00e7ais aux \u00c9tats-Unis, organis\u00e9 des dizaines d\u2019\u00e9v\u00e9nements litt\u00e9raires et initi\u00e9 plusieurs dispositifs, comme le Choix Goncourt des \u00c9tats-Unis ou le programme d\u2019aide \u00e0 la traduction Albertine Translation.<\/p>\n\n\n\n<p class=\"has-text-align-justify has-text-align-justify\">A son retour en France, men\u00e9e par l\u2019envie de se lancer dans une nouvelle aventure professionnelle, tout en gardant les livres et les histoires au c\u0153ur de son activit\u00e9, Louise a d\u00e9cid\u00e9 de cr\u00e9er sa propre agence litt\u00e9raire, Nomad Books Agency.<\/p>\n\n\n\n<h2 class=\"wp-block-heading\">Contact<\/h2>\n\n\n\n<p>Contact : <a href=\"mailto:louise@nomadbooksagency.com\">louise@nomadbooksagency.com<\/a><\/p>\n\n\n\n<p class=\"has-text-align-justify has-text-align-justify\">Merci d\u2019adresser vos manuscrits au format PDF \u00e0 l\u2019adresse suivante&nbsp;: <a href=\"mailto:manuscrits@nomadbooksagency.com\">manuscrits@nomadbooksagency.com<\/a><\/p>\n","protected":false},"excerpt":{"rendered":"<p>Louise Quantin, directrice et fondatrice Apr\u00e8s des \u00e9tudes d\u2019histoire et de litt\u00e9rature, Louise a travaill\u00e9 plus de dix ans dans l\u2019\u00e9dition \u00e0 Paris, pour diff\u00e9rentes maisons incluant Belfond, Les Presses de la Cit\u00e9, Grasset,&nbsp;Robert Laffont et Julliard, o\u00f9 elle \u00e9tait en charge des droits \u00e9trangers et audiovisuels. Elle a ainsi contribu\u00e9 \u00e0 de nombreux projets [&hellip;]<\/p>\n","protected":false},"author":1,"featured_media":0,"parent":0,"menu_order":0,"comment_status":"closed","ping_status":"closed","template":"","meta":{"footnotes":""},"class_list":["post-27","page","type-page","status-publish","hentry"],"_links":{"self":[{"href":"https:\/\/nomadbooksagency.com\/index.php\/wp-json\/wp\/v2\/pages\/27","targetHints":{"allow":["GET"]}}],"collection":[{"href":"https:\/\/nomadbooksagency.com\/index.php\/wp-json\/wp\/v2\/pages"}],"about":[{"href":"https:\/\/nomadbooksagency.com\/index.php\/wp-json\/wp\/v2\/types\/page"}],"author":[{"embeddable":true,"href":"https:\/\/nomadbooksagency.com\/index.php\/wp-json\/wp\/v2\/users\/1"}],"replies":[{"embeddable":true,"href":"https:\/\/nomadbooksagency.com\/index.php\/wp-json\/wp\/v2\/comments?post=27"}],"version-history":[{"count":25,"href":"https:\/\/nomadbooksagency.com\/index.php\/wp-json\/wp\/v2\/pages\/27\/revisions"}],"predecessor-version":[{"id":574,"href":"https:\/\/nomadbooksagency.com\/index.php\/wp-json\/wp\/v2\/pages\/27\/revisions\/574"}],"wp:attachment":[{"href":"https:\/\/nomadbooksagency.com\/index.php\/wp-json\/wp\/v2\/media?parent=27"}],"curies":[{"name":"wp","href":"https:\/\/api.w.org\/{rel}","templated":true}]}}